{"id":1477,"date":"2022-04-28T14:14:03","date_gmt":"2022-04-28T12:14:03","guid":{"rendered":"https:\/\/postovska.cz\/building-history\/"},"modified":"2022-07-18T11:45:28","modified_gmt":"2022-07-18T09:45:28","slug":"building-history","status":"publish","type":"page","link":"https:\/\/postovska.cz\/en\/building-history\/","title":{"rendered":"Building History"},"content":{"rendered":"\n<div class=\"wp-block-group alignfull bigRow bigImgRight my-0\"><div class=\"wp-block-group__inner-container is-layout-flow wp-block-group-is-layout-flow\">\n<div class=\"wp-block-columns is-layout-flex wp-container-core-columns-is-layout-9d6595d7 wp-block-columns-is-layout-flex\">\n<div class=\"wp-block-column is-layout-flow wp-block-column-is-layout-flow\">\n<h2 class=\"wp-block-heading\">Urbanistic gem in the heart of Brno<\/h2>\n\n\n\n<p>A monumental corner building with neo-Renaissance front face coming from 1877 represents a&nbsp;valuable architectonic monument of Brno history and a&nbsp;significant urbanistic element of our town.<\/p>\n\n\n\n<p>The surviving contemporary facing with the typically beveled corner divided with fore-body reveal 2 spacious inner courtyards.<\/p>\n<\/div>\n\n\n\n<div class=\"wp-block-column is-layout-flow wp-block-column-is-layout-flow\">\n<figure class=\"wp-block-image size-large animLeft\"><img loading=\"lazy\" decoding=\"async\" width=\"1024\" height=\"575\" src=\"https:\/\/postovska.cz\/wp-content\/uploads\/2022\/04\/skvost-1024x575.jpg\" alt=\"\" class=\"wp-image-360\" srcset=\"https:\/\/postovska.cz\/wp-content\/uploads\/2022\/04\/skvost-1024x575.jpg 1024w, https:\/\/postovska.cz\/wp-content\/uploads\/2022\/04\/skvost-300x169.jpg 300w, https:\/\/postovska.cz\/wp-content\/uploads\/2022\/04\/skvost-768x431.jpg 768w, https:\/\/postovska.cz\/wp-content\/uploads\/2022\/04\/skvost.jpg 1200w\" sizes=\"auto, (max-width: 1024px) 100vw, 1024px\" \/><\/figure><\/div>\n<\/div>\n<\/div><\/div>\n\n<section class=\"wp-block-group alignfull historieOsa sekce my-0 has-background\" style=\"background-color:#efefef\"><div class=\"wp-block-group__inner-container is-layout-flow wp-block-group-is-layout-flow\">\n    <ul id=\"blockTimeline-block_626a97ba4f9b0\" class=\"blockTimeline historieBudovyLine mt-5\">\n            <li class=\"boxRoku animTop\">\n            <div class=\"timelineBox\">\n\n                <div class=\"timelinePopis\">\n                    <h3 class=\"text-uppercase\">TRANFORMATION OF THE BUILDING DURING TIME<\/h3><p>A monumental corner building with neo-Renaissance front face coming from 1877 represents a&nbsp;valuable architectonic monument of Brno history and a&nbsp;significant urbanistic element of our town.<\/p>\n<p>The surviving contemporary facing with the typically beveled corner divided with fore-body reveal 2 spacious inner courtyards.<\/p>\n                <\/div>\n\n                <div class=\"timelineObr\">\n                                        \n                <\/div>\n\n            <\/div>\n\n        <\/li>\n            <li class=\"boxRoku animTop\">\n            <div class=\"timelineBox\">\n\n                <div class=\"timelinePopis\">\n                    <h3 class=\"text-uppercase\">Ztracen\u00e1<\/h3><p>17.&nbsp;century<\/p>\n                <\/div>\n\n                <div class=\"timelineObr\">\n                    <img loading=\"lazy\" decoding=\"async\" width=\"820\" height=\"820\" src=\"https:\/\/postovska.cz\/wp-content\/uploads\/2022\/04\/bistorie-4.jpg\" class=\"timelineObr\" alt=\"\" srcset=\"https:\/\/postovska.cz\/wp-content\/uploads\/2022\/04\/bistorie-4.jpg 820w, https:\/\/postovska.cz\/wp-content\/uploads\/2022\/04\/bistorie-4-300x300.jpg 300w, https:\/\/postovska.cz\/wp-content\/uploads\/2022\/04\/bistorie-4-150x150.jpg 150w, https:\/\/postovska.cz\/wp-content\/uploads\/2022\/04\/bistorie-4-768x768.jpg 768w, https:\/\/postovska.cz\/wp-content\/uploads\/2022\/04\/bistorie-4-440x440.jpg 440w\" sizes=\"auto, (max-width: 820px) 100vw, 820px\" \/>                    \n                <\/div>\n\n            <\/div>\n\n        <\/li>\n            <li class=\"boxRoku animTop\">\n            <div class=\"timelineBox\">\n\n                <div class=\"timelinePopis\">\n                    <h3 class=\"text-uppercase\">M\u016eSTEK<\/h3><p>18.&nbsp;century<\/p>\n                <\/div>\n\n                <div class=\"timelineObr\">\n                    <img loading=\"lazy\" decoding=\"async\" width=\"820\" height=\"820\" src=\"https:\/\/postovska.cz\/wp-content\/uploads\/2022\/04\/bistorie-1.jpg\" class=\"timelineObr\" alt=\"\" srcset=\"https:\/\/postovska.cz\/wp-content\/uploads\/2022\/04\/bistorie-1.jpg 820w, https:\/\/postovska.cz\/wp-content\/uploads\/2022\/04\/bistorie-1-300x300.jpg 300w, https:\/\/postovska.cz\/wp-content\/uploads\/2022\/04\/bistorie-1-150x150.jpg 150w, https:\/\/postovska.cz\/wp-content\/uploads\/2022\/04\/bistorie-1-768x768.jpg 768w, https:\/\/postovska.cz\/wp-content\/uploads\/2022\/04\/bistorie-1-440x440.jpg 440w\" sizes=\"auto, (max-width: 820px) 100vw, 820px\" \/>                    \n                <\/div>\n\n            <\/div>\n\n        <\/li>\n            <li class=\"boxRoku animTop\">\n            <div class=\"timelineBox\">\n\n                <div class=\"timelinePopis\">\n                    <h3 class=\"text-uppercase\">Ztracen\u00e1<\/h3><p>1794<\/p>\n                <\/div>\n\n                <div class=\"timelineObr\">\n                    <img loading=\"lazy\" decoding=\"async\" width=\"820\" height=\"820\" src=\"https:\/\/postovska.cz\/wp-content\/uploads\/2022\/04\/bistorie-2.jpg\" class=\"timelineObr\" alt=\"\" srcset=\"https:\/\/postovska.cz\/wp-content\/uploads\/2022\/04\/bistorie-2.jpg 820w, https:\/\/postovska.cz\/wp-content\/uploads\/2022\/04\/bistorie-2-300x300.jpg 300w, https:\/\/postovska.cz\/wp-content\/uploads\/2022\/04\/bistorie-2-150x150.jpg 150w, https:\/\/postovska.cz\/wp-content\/uploads\/2022\/04\/bistorie-2-768x768.jpg 768w, https:\/\/postovska.cz\/wp-content\/uploads\/2022\/04\/bistorie-2-440x440.jpg 440w\" sizes=\"auto, (max-width: 820px) 100vw, 820px\" \/>                    \n                <\/div>\n\n            <\/div>\n\n        <\/li>\n            <li class=\"boxRoku animTop\">\n            <div class=\"timelineBox\">\n\n                <div class=\"timelinePopis\">\n                    <h3 class=\"text-uppercase\">Po\u0161tovsk\u00e1<\/h3><p>1896<\/p>\n                <\/div>\n\n                <div class=\"timelineObr\">\n                    <img loading=\"lazy\" decoding=\"async\" width=\"820\" height=\"820\" src=\"https:\/\/postovska.cz\/wp-content\/uploads\/2022\/04\/bistorie-3.jpg\" class=\"timelineObr\" alt=\"\" srcset=\"https:\/\/postovska.cz\/wp-content\/uploads\/2022\/04\/bistorie-3.jpg 820w, https:\/\/postovska.cz\/wp-content\/uploads\/2022\/04\/bistorie-3-300x300.jpg 300w, https:\/\/postovska.cz\/wp-content\/uploads\/2022\/04\/bistorie-3-150x150.jpg 150w, https:\/\/postovska.cz\/wp-content\/uploads\/2022\/04\/bistorie-3-768x768.jpg 768w, https:\/\/postovska.cz\/wp-content\/uploads\/2022\/04\/bistorie-3-440x440.jpg 440w\" sizes=\"auto, (max-width: 820px) 100vw, 820px\" \/>                    \n                <\/div>\n\n            <\/div>\n\n        <\/li>\n        <\/ul>\n<\/div><\/section>\n\n<div class=\"wp-block-group alignfull bigRow bigImgLeft my-0\"><div class=\"wp-block-group__inner-container is-layout-flow wp-block-group-is-layout-flow\">\n<div class=\"wp-block-columns is-layout-flex wp-container-core-columns-is-layout-9d6595d7 wp-block-columns-is-layout-flex\">\n<div class=\"wp-block-column is-layout-flow wp-block-column-is-layout-flow\">\n<figure class=\"wp-block-image size-large animRight\"><img loading=\"lazy\" decoding=\"async\" width=\"1024\" height=\"640\" src=\"https:\/\/postovska.cz\/wp-content\/uploads\/2022\/07\/IMG_7014--1024x640.jpg\" alt=\"Po&#x161;tovsk&#xE1;\" class=\"wp-image-1242\" srcset=\"https:\/\/postovska.cz\/wp-content\/uploads\/2022\/07\/IMG_7014--1024x640.jpg 1024w, https:\/\/postovska.cz\/wp-content\/uploads\/2022\/07\/IMG_7014--300x188.jpg 300w, https:\/\/postovska.cz\/wp-content\/uploads\/2022\/07\/IMG_7014--768x480.jpg 768w, https:\/\/postovska.cz\/wp-content\/uploads\/2022\/07\/IMG_7014-.jpg 1200w\" sizes=\"auto, (max-width: 1024px) 100vw, 1024px\" \/><\/figure><\/div>\n\n\n\n<div class=\"wp-block-column is-layout-flow wp-block-column-is-layout-flow\">\n<h2 class=\"wp-block-heading\">The story of our house<\/h2>\n\n\n\n<p>At first it was Ztracen\u00e1, then M\u016fstek and eventually Po\u0161tovsk\u00e1; one of the most frequented streets in the center of Brno was renamed by the town 126 years ago owing to the tradition of this institution. The name survived wars and communism, when the list of streets resembled rather a&nbsp;list of politic names. Mailmen held office in the house at Po\u0161tovsk\u00e1 street number 3 for 138 years, but now it has changed!  <\/p>\n<\/div>\n<\/div>\n<\/div><\/div>\n\n<div class=\"wp-block-group alignfull bigRow bigImgRight my-0\"><div class=\"wp-block-group__inner-container is-layout-flow wp-block-group-is-layout-flow\">\n<div class=\"wp-block-columns is-layout-flex wp-container-core-columns-is-layout-9d6595d7 wp-block-columns-is-layout-flex\">\n<div class=\"wp-block-column is-layout-flow wp-block-column-is-layout-flow\">\n<h2 class=\"wp-block-heading\">Did you know that\u2026?<\/h2>\n\n\n\n<ul class=\"redUl wp-block-list\"><li>The house was built within five months in the place of a&nbsp;famous pub called U&nbsp;t\u0159\u00ed kn\u00ed\u017eat (By three princes)<\/li><li>Significant persons spent the night in this pub \u2013 for instance in 1799, the daughter of the French king Louis XIV Marie-Th\u00e9r\u00e8se Charlotte<\/li><li>over here In the same year, in which the building at Po\u0161tovsk\u00e1 street grew (1874), officers started to work there<\/li><li>In February 2012, Czech post cancelled the branch office and partially moved the services and employees to Orl\u00ed street and partially to a&nbsp;branch office next to the main railway station<\/li><li>Since 2015, the building has been administered by the company RC EUROPE<\/li><\/ul><\/div>\n\n\n\n<div class=\"wp-block-column is-layout-flow wp-block-column-is-layout-flow\">\n<figure class=\"wp-block-image size-large animLeft\"><img loading=\"lazy\" decoding=\"async\" width=\"1024\" height=\"1024\" src=\"https:\/\/postovska.cz\/wp-content\/uploads\/2022\/04\/historie-1024x1024.jpg\" alt=\"\" class=\"wp-image-361\" srcset=\"https:\/\/postovska.cz\/wp-content\/uploads\/2022\/04\/historie-1024x1024.jpg 1024w, https:\/\/postovska.cz\/wp-content\/uploads\/2022\/04\/historie-300x300.jpg 300w, https:\/\/postovska.cz\/wp-content\/uploads\/2022\/04\/historie-150x150.jpg 150w, https:\/\/postovska.cz\/wp-content\/uploads\/2022\/04\/historie-768x768.jpg 768w, https:\/\/postovska.cz\/wp-content\/uploads\/2022\/04\/historie-440x440.jpg 440w, https:\/\/postovska.cz\/wp-content\/uploads\/2022\/04\/historie.jpg 1047w\" sizes=\"auto, (max-width: 1024px) 100vw, 1024px\" \/><\/figure><\/div>\n<\/div>\n<\/div><\/div>\n","protected":false},"excerpt":{"rendered":"<p>Urbanistic gem in the heart of Brno A&nbsp;monumental corner building with neo-Renaissance front face coming from 1877 represents a&nbsp;valuable architectonic monument of Brno history and a&nbsp;significant urbanistic&#8230;<\/p>\n","protected":false},"author":1,"featured_media":0,"parent":0,"menu_order":0,"comment_status":"closed","ping_status":"closed","template":"page-shlavickou.php","meta":{"_acf_changed":false,"inline_featured_image":false,"footnotes":""},"class_list":["post-1477","page","type-page","status-publish","hentry"],"acf":[],"_links":{"self":[{"href":"https:\/\/postovska.cz\/en\/wp-json\/wp\/v2\/pages\/1477","targetHints":{"allow":["GET"]}}],"collection":[{"href":"https:\/\/postovska.cz\/en\/wp-json\/wp\/v2\/pages"}],"about":[{"href":"https:\/\/postovska.cz\/en\/wp-json\/wp\/v2\/types\/page"}],"author":[{"embeddable":true,"href":"https:\/\/postovska.cz\/en\/wp-json\/wp\/v2\/users\/1"}],"replies":[{"embeddable":true,"href":"https:\/\/postovska.cz\/en\/wp-json\/wp\/v2\/comments?post=1477"}],"version-history":[{"count":3,"href":"https:\/\/postovska.cz\/en\/wp-json\/wp\/v2\/pages\/1477\/revisions"}],"predecessor-version":[{"id":1480,"href":"https:\/\/postovska.cz\/en\/wp-json\/wp\/v2\/pages\/1477\/revisions\/1480"}],"wp:attachment":[{"href":"https:\/\/postovska.cz\/en\/wp-json\/wp\/v2\/media?parent=1477"}],"curies":[{"name":"wp","href":"https:\/\/api.w.org\/{rel}","templated":true}]}}